{"id":576,"date":"2016-06-11T11:33:02","date_gmt":"2016-06-11T11:33:02","guid":{"rendered":"https:\/\/demo2.chethemes.com\/pizzaro\/?page_id=2"},"modified":"2022-09-05T17:50:01","modified_gmt":"2022-09-05T20:50:01","slug":"quienes-somos","status":"publish","type":"page","link":"https:\/\/www.ararat.com.uy\/staging\/3498\/quienes-somos\/","title":{"rendered":"Quienes somos"},"content":{"rendered":"<p><section class=\"kc-elm kc-css-427332 kc_row\"><div class=\"kc-row-container  kc-container\"><div class=\"kc-wrap-columns\"><div class=\"kc-elm kc-css-23475 kc_col-sm-12 kc_column kc_col-sm-12\"><div class=\"kc-col-container\"><section class=\"newsletter-subscription\"  style=\"background-size: cover; background-position: center center; background-image: url( \/\/placehold.it\/1920x470 ); height: 470px;\">\n\t<div class=\"caption\">\n\t\t<h3 class=\"title\">PROMOCIONES<\/h3>\n\t\t<span class=\"marketing-text\">Al inscribirte, recibir\u00e1s peri\u00f3dicamente nuestros CUPONES y PROMOCIONES en tu correo electr\u00f3nico.<\/span>\n\t\t\t\t<form>\n\t\t\t<div class=\"newsletter-form\">\n\t\t\t\t<input type=\"text\" placeholder=\"Type here your email address to receive our newsletter\">\n\t\t\t\t<button class=\"button\" type=\"button\">Sign Up<\/button>\n\t\t\t<\/div>\n\t\t<\/form>\n\t\t\t<\/div>\n<\/section><div class=\"kc-elm kc-css-9596\" style=\"height: 40px; clear: both; width:100%;\"><\/div><\/div><\/div><\/div><\/div><\/section><section class=\"kc-elm kc-css-678141 kc_row\"><div class=\"kc-row-container  kc-container\"><div class=\"kc-wrap-columns\"><div class=\"kc-elm kc-css-236122 kc_col-sm-12 kc_column kc_col-sm-12\"><div class=\"kc-col-container\">\n<div class=\"kc-elm kc-css-674444 kc-title-wrap \">\n\n\t<h2 class=\"kc_title\">SOMOS LO QUE COMEMOS<\/h2>\n<\/div>\n<div class=\"kc-elm kc-css-189119 kc_text_block\"><\/p>\n<p><span style=\"color: #898989; font-family: &#039;Open Sans&#039;; font-size: 15.008px; text-align: center;\">Razones por la cual nuestra creciente familia de clientes nos diferencia del resto:<\/span><\/p>\n<p>\n<\/div><\/div><\/div><\/div><\/div><\/section><section class=\"kc-elm kc-css-535912 kc_row\"><div class=\"kc-row-container  kc-container\"><div class=\"kc-wrap-columns\"><div class=\"kc-elm kc-css-751923 kc_col-sm-4 kc_column kc_col-sm-4\"><div class=\"kc-col-container\"><div class=\"kc-elm kc-css-680431 kc_shortcode kc_single_image\">\n\n        <img decoding=\"async\" src=\"https:\/\/i0.wp.com\/www.ararat.com.uy\/staging\/3498\/wp-content\/uploads\/2022\/09\/cocineros-armenios-tradicionales-en-montevideo-1.webp?fit=670%2C507&ssl=1\" class=\"\" alt=\"\" \/>    <\/div>\n\n<div class=\"kc-elm kc-css-229049 kc-title-wrap \">\n\n\t<h3 class=\"kc_title\">Cocina armenia y del medio oriente<\/h3>\n<\/div>\n<div class=\"kc-elm kc-css-880237 kc_text_block\"><\/p>\n<p>Nuestra familia de cocineros del Medio Oriente no solo cocinan con la inspiraci\u00f3n de sus antepasados, sino que te reciben con los brazos abiertos y una excelente atenci\u00f3n.<\/p>\n<p>\n<\/div><\/div><\/div><div class=\"kc-elm kc-css-438930 kc_col-sm-4 kc_column kc_col-sm-4\"><div class=\"kc-col-container\"><div class=\"kc-elm kc-css-73886 kc_shortcode kc_single_image\">\n\n        <img decoding=\"async\" src=\"https:\/\/i0.wp.com\/www.ararat.com.uy\/staging\/3498\/wp-content\/uploads\/2022\/09\/ingredientes-de-pizza-y-lehmeyun.webp?fit=670%2C507&ssl=1\" class=\"\" alt=\"\" \/>    <\/div>\n\n<div class=\"kc-elm kc-css-943898 kc-title-wrap \">\n\n\t<h3 class=\"kc_title\">Ingredientes naturales frescos<\/h3>\n<\/div>\n<div class=\"kc-elm kc-css-39677 kc_text_block\"><\/p>\n<p>Solo usamos ingredientes naturales frescos para nuestras deliciosas recetas, cocinando al momento del pedido. Amasamos y horneamos nuestras pitas todos los d\u00edas.<\/p>\n<p>\n<\/div><\/div><\/div><div class=\"kc-elm kc-css-179068 kc_col-sm-4 kc_column kc_col-sm-4\"><div class=\"kc-col-container\"><div class=\"kc-elm kc-css-138514 kc_shortcode kc_single_image\">\n\n        <img decoding=\"async\" src=\"https:\/\/i0.wp.com\/www.ararat.com.uy\/staging\/3498\/wp-content\/uploads\/2022\/09\/pizza-y-empanadas-al-horno-de-lena.webp?fit=670%2C507&ssl=1\" class=\"\" alt=\"\" \/>    <\/div>\n\n<div class=\"kc-elm kc-css-338764 kc-title-wrap \">\n\n\t<h3 class=\"kc_title\">Horno tradicional acent\u00faa el sabor<\/h3>\n<\/div>\n<div class=\"kc-elm kc-css-247427 kc_text_block\"><\/p>\n<p>Todos nuestros platos son horneados en horno de le\u00f1a tradicional para asegurar que pruebes sabores aut\u00e9nticos, preparados en el momento de cada pedido para acentuar su sabor.<\/p>\n<p>\n<\/div><\/div><\/div><\/div><\/div><\/section><\/p>\n","protected":false},"excerpt":{"rendered":"","protected":false},"author":1,"featured_media":12,"parent":0,"menu_order":0,"comment_status":"closed","ping_status":"open","template":"template-aboutpage.php","meta":{"nf_dc_page":"","_monsterinsights_skip_tracking":false,"_monsterinsights_sitenote_active":false,"_monsterinsights_sitenote_note":"","_monsterinsights_sitenote_category":0,"footnotes":""},"class_list":["post-576","page","type-page","status-publish","has-post-thumbnail","hentry"],"yoast_head":"<!-- This site is optimized with the Yoast SEO plugin v27.4 - https:\/\/yoast.com\/product\/yoast-seo-wordpress\/ -->\n<title>Quienes somos - Ararat Recetas Armenias<\/title>\n<meta name=\"robots\" content=\"index, follow, max-snippet:-1, max-image-preview:large, max-video-preview:-1\" \/>\n<link rel=\"canonical\" href=\"https:\/\/www.ararat.com.uy\/quienes-somos\/\" \/>\n<meta property=\"og:locale\" content=\"es_ES\" \/>\n<meta property=\"og:type\" content=\"article\" \/>\n<meta property=\"og:title\" content=\"Quienes somos - Ararat Recetas Armenias\" \/>\n<meta property=\"og:description\" content=\"PROMOCIONES Al inscribirte, recibir\u00e1s peri\u00f3dicamente nuestros CUPONES y PROMOCIONES en tu correo electr\u00f3nico. Sign Up SOMOS LO QUE COMEMOS Razones por la cual nuestra creciente familia de clientes nos diferencia del resto: Cocina armenia y del medio oriente Nuestra familia de cocineros del Medio Oriente no solo cocinan con la inspiraci\u00f3n de sus antepasados, sino [&hellip;]\" \/>\n<meta property=\"og:url\" content=\"https:\/\/www.ararat.com.uy\/quienes-somos\/\" \/>\n<meta property=\"og:site_name\" content=\"Ararat Recetas Armenias\" \/>\n<meta property=\"article:publisher\" content=\"https:\/\/www.facebook.com\/Ararat-631048790260288\/\" \/>\n<meta property=\"article:modified_time\" content=\"2022-09-05T20:50:01+00:00\" \/>\n<meta property=\"og:image\" content=\"https:\/\/i0.wp.com\/www.ararat.com.uy\/wp-content\/uploads\/2022\/09\/ararat-recetas-armenias-pizzas-y-lehmeyun.webp?fit=1934%2C734&ssl=1\" \/>\n\t<meta property=\"og:image:width\" content=\"1934\" \/>\n\t<meta property=\"og:image:height\" content=\"734\" \/>\n\t<meta property=\"og:image:type\" content=\"image\/webp\" \/>\n<meta name=\"twitter:card\" content=\"summary_large_image\" \/>\n<meta name=\"twitter:label1\" content=\"Tiempo de lectura\" \/>\n\t<meta name=\"twitter:data1\" content=\"2 minutos\" \/>\n<script type=\"application\/ld+json\" class=\"yoast-schema-graph\">{\"@context\":\"https:\\\/\\\/schema.org\",\"@graph\":[{\"@type\":\"WebPage\",\"@id\":\"https:\\\/\\\/www.ararat.com.uy\\\/quienes-somos\\\/\",\"url\":\"https:\\\/\\\/www.ararat.com.uy\\\/quienes-somos\\\/\",\"name\":\"Quienes somos - Ararat Recetas Armenias\",\"isPartOf\":{\"@id\":\"https:\\\/\\\/www.ararat.com.uy\\\/#website\"},\"primaryImageOfPage\":{\"@id\":\"https:\\\/\\\/www.ararat.com.uy\\\/quienes-somos\\\/#primaryimage\"},\"image\":{\"@id\":\"https:\\\/\\\/www.ararat.com.uy\\\/quienes-somos\\\/#primaryimage\"},\"thumbnailUrl\":\"https:\\\/\\\/i0.wp.com\\\/www.ararat.com.uy\\\/staging\\\/3498\\\/wp-content\\\/uploads\\\/2022\\\/09\\\/ararat-recetas-armenias-pizzas-y-lehmeyun.webp?fit=1934%2C734&ssl=1\",\"datePublished\":\"2016-06-11T11:33:02+00:00\",\"dateModified\":\"2022-09-05T20:50:01+00:00\",\"breadcrumb\":{\"@id\":\"https:\\\/\\\/www.ararat.com.uy\\\/quienes-somos\\\/#breadcrumb\"},\"inLanguage\":\"es-AR\",\"potentialAction\":[{\"@type\":\"ReadAction\",\"target\":[\"https:\\\/\\\/www.ararat.com.uy\\\/quienes-somos\\\/\"]}]},{\"@type\":\"ImageObject\",\"inLanguage\":\"es-AR\",\"@id\":\"https:\\\/\\\/www.ararat.com.uy\\\/quienes-somos\\\/#primaryimage\",\"url\":\"https:\\\/\\\/i0.wp.com\\\/www.ararat.com.uy\\\/staging\\\/3498\\\/wp-content\\\/uploads\\\/2022\\\/09\\\/ararat-recetas-armenias-pizzas-y-lehmeyun.webp?fit=1934%2C734&ssl=1\",\"contentUrl\":\"https:\\\/\\\/i0.wp.com\\\/www.ararat.com.uy\\\/staging\\\/3498\\\/wp-content\\\/uploads\\\/2022\\\/09\\\/ararat-recetas-armenias-pizzas-y-lehmeyun.webp?fit=1934%2C734&ssl=1\",\"width\":1934,\"height\":734,\"caption\":\"Vista frontal del restaurante Ararat - Recetas Armenias\"},{\"@type\":\"BreadcrumbList\",\"@id\":\"https:\\\/\\\/www.ararat.com.uy\\\/quienes-somos\\\/#breadcrumb\",\"itemListElement\":[{\"@type\":\"ListItem\",\"position\":1,\"name\":\"Home\",\"item\":\"https:\\\/\\\/www.ararat.com.uy\\\/staging\\\/3498\\\/\"},{\"@type\":\"ListItem\",\"position\":2,\"name\":\"Quienes somos\"}]},{\"@type\":\"WebSite\",\"@id\":\"https:\\\/\\\/www.ararat.com.uy\\\/#website\",\"url\":\"https:\\\/\\\/www.ararat.com.uy\\\/\",\"name\":\"Ararat Recetas Armenias\",\"description\":\"Sabor en toda nuestra cocina\",\"publisher\":{\"@id\":\"https:\\\/\\\/www.ararat.com.uy\\\/#organization\"},\"potentialAction\":[{\"@type\":\"SearchAction\",\"target\":{\"@type\":\"EntryPoint\",\"urlTemplate\":\"https:\\\/\\\/www.ararat.com.uy\\\/?s={search_term_string}\"},\"query-input\":{\"@type\":\"PropertyValueSpecification\",\"valueRequired\":true,\"valueName\":\"search_term_string\"}}],\"inLanguage\":\"es-AR\"},{\"@type\":\"Organization\",\"@id\":\"https:\\\/\\\/www.ararat.com.uy\\\/#organization\",\"name\":\"Ararat Recetas Armenias\",\"url\":\"https:\\\/\\\/www.ararat.com.uy\\\/\",\"logo\":{\"@type\":\"ImageObject\",\"inLanguage\":\"es-AR\",\"@id\":\"https:\\\/\\\/www.ararat.com.uy\\\/#\\\/schema\\\/logo\\\/image\\\/\",\"url\":\"https:\\\/\\\/i0.wp.com\\\/box2526.temp.domains\\\/~araratc3\\\/wp-content\\\/uploads\\\/2022\\\/09\\\/Logo-de-Ararat-Recetas-Armenias-black-460x155-1.webp?fit=460%2C155\",\"contentUrl\":\"https:\\\/\\\/i0.wp.com\\\/box2526.temp.domains\\\/~araratc3\\\/wp-content\\\/uploads\\\/2022\\\/09\\\/Logo-de-Ararat-Recetas-Armenias-black-460x155-1.webp?fit=460%2C155\",\"width\":460,\"height\":155,\"caption\":\"Ararat Recetas Armenias\"},\"image\":{\"@id\":\"https:\\\/\\\/www.ararat.com.uy\\\/#\\\/schema\\\/logo\\\/image\\\/\"},\"sameAs\":[\"https:\\\/\\\/www.facebook.com\\\/Ararat-631048790260288\\\/\",\"https:\\\/\\\/www.instagram.com\\\/araratrecetasarmenias\\\/\"]}]}<\/script>\n<!-- \/ Yoast SEO plugin. -->","yoast_head_json":{"title":"Quienes somos - Ararat Recetas Armenias","robots":{"index":"index","follow":"follow","max-snippet":"max-snippet:-1","max-image-preview":"max-image-preview:large","max-video-preview":"max-video-preview:-1"},"canonical":"https:\/\/www.ararat.com.uy\/quienes-somos\/","og_locale":"es_ES","og_type":"article","og_title":"Quienes somos - Ararat Recetas Armenias","og_description":"PROMOCIONES Al inscribirte, recibir\u00e1s peri\u00f3dicamente nuestros CUPONES y PROMOCIONES en tu correo electr\u00f3nico. Sign Up SOMOS LO QUE COMEMOS Razones por la cual nuestra creciente familia de clientes nos diferencia del resto: Cocina armenia y del medio oriente Nuestra familia de cocineros del Medio Oriente no solo cocinan con la inspiraci\u00f3n de sus antepasados, sino [&hellip;]","og_url":"https:\/\/www.ararat.com.uy\/quienes-somos\/","og_site_name":"Ararat Recetas Armenias","article_publisher":"https:\/\/www.facebook.com\/Ararat-631048790260288\/","article_modified_time":"2022-09-05T20:50:01+00:00","og_image":[{"width":1934,"height":734,"url":"https:\/\/i0.wp.com\/www.ararat.com.uy\/wp-content\/uploads\/2022\/09\/ararat-recetas-armenias-pizzas-y-lehmeyun.webp?fit=1934%2C734&ssl=1","type":"image\/webp"}],"twitter_card":"summary_large_image","twitter_misc":{"Tiempo de lectura":"2 minutos"},"schema":{"@context":"https:\/\/schema.org","@graph":[{"@type":"WebPage","@id":"https:\/\/www.ararat.com.uy\/quienes-somos\/","url":"https:\/\/www.ararat.com.uy\/quienes-somos\/","name":"Quienes somos - Ararat Recetas Armenias","isPartOf":{"@id":"https:\/\/www.ararat.com.uy\/#website"},"primaryImageOfPage":{"@id":"https:\/\/www.ararat.com.uy\/quienes-somos\/#primaryimage"},"image":{"@id":"https:\/\/www.ararat.com.uy\/quienes-somos\/#primaryimage"},"thumbnailUrl":"https:\/\/i0.wp.com\/www.ararat.com.uy\/staging\/3498\/wp-content\/uploads\/2022\/09\/ararat-recetas-armenias-pizzas-y-lehmeyun.webp?fit=1934%2C734&ssl=1","datePublished":"2016-06-11T11:33:02+00:00","dateModified":"2022-09-05T20:50:01+00:00","breadcrumb":{"@id":"https:\/\/www.ararat.com.uy\/quienes-somos\/#breadcrumb"},"inLanguage":"es-AR","potentialAction":[{"@type":"ReadAction","target":["https:\/\/www.ararat.com.uy\/quienes-somos\/"]}]},{"@type":"ImageObject","inLanguage":"es-AR","@id":"https:\/\/www.ararat.com.uy\/quienes-somos\/#primaryimage","url":"https:\/\/i0.wp.com\/www.ararat.com.uy\/staging\/3498\/wp-content\/uploads\/2022\/09\/ararat-recetas-armenias-pizzas-y-lehmeyun.webp?fit=1934%2C734&ssl=1","contentUrl":"https:\/\/i0.wp.com\/www.ararat.com.uy\/staging\/3498\/wp-content\/uploads\/2022\/09\/ararat-recetas-armenias-pizzas-y-lehmeyun.webp?fit=1934%2C734&ssl=1","width":1934,"height":734,"caption":"Vista frontal del restaurante Ararat - Recetas Armenias"},{"@type":"BreadcrumbList","@id":"https:\/\/www.ararat.com.uy\/quienes-somos\/#breadcrumb","itemListElement":[{"@type":"ListItem","position":1,"name":"Home","item":"https:\/\/www.ararat.com.uy\/staging\/3498\/"},{"@type":"ListItem","position":2,"name":"Quienes somos"}]},{"@type":"WebSite","@id":"https:\/\/www.ararat.com.uy\/#website","url":"https:\/\/www.ararat.com.uy\/","name":"Ararat Recetas Armenias","description":"Sabor en toda nuestra cocina","publisher":{"@id":"https:\/\/www.ararat.com.uy\/#organization"},"potentialAction":[{"@type":"SearchAction","target":{"@type":"EntryPoint","urlTemplate":"https:\/\/www.ararat.com.uy\/?s={search_term_string}"},"query-input":{"@type":"PropertyValueSpecification","valueRequired":true,"valueName":"search_term_string"}}],"inLanguage":"es-AR"},{"@type":"Organization","@id":"https:\/\/www.ararat.com.uy\/#organization","name":"Ararat Recetas Armenias","url":"https:\/\/www.ararat.com.uy\/","logo":{"@type":"ImageObject","inLanguage":"es-AR","@id":"https:\/\/www.ararat.com.uy\/#\/schema\/logo\/image\/","url":"https:\/\/i0.wp.com\/box2526.temp.domains\/~araratc3\/wp-content\/uploads\/2022\/09\/Logo-de-Ararat-Recetas-Armenias-black-460x155-1.webp?fit=460%2C155","contentUrl":"https:\/\/i0.wp.com\/box2526.temp.domains\/~araratc3\/wp-content\/uploads\/2022\/09\/Logo-de-Ararat-Recetas-Armenias-black-460x155-1.webp?fit=460%2C155","width":460,"height":155,"caption":"Ararat Recetas Armenias"},"image":{"@id":"https:\/\/www.ararat.com.uy\/#\/schema\/logo\/image\/"},"sameAs":["https:\/\/www.facebook.com\/Ararat-631048790260288\/","https:\/\/www.instagram.com\/araratrecetasarmenias\/"]}]}},"jetpack_sharing_enabled":true,"_links":{"self":[{"href":"https:\/\/www.ararat.com.uy\/staging\/3498\/wp-json\/wp\/v2\/pages\/576","targetHints":{"allow":["GET"]}}],"collection":[{"href":"https:\/\/www.ararat.com.uy\/staging\/3498\/wp-json\/wp\/v2\/pages"}],"about":[{"href":"https:\/\/www.ararat.com.uy\/staging\/3498\/wp-json\/wp\/v2\/types\/page"}],"author":[{"embeddable":true,"href":"https:\/\/www.ararat.com.uy\/staging\/3498\/wp-json\/wp\/v2\/users\/1"}],"replies":[{"embeddable":true,"href":"https:\/\/www.ararat.com.uy\/staging\/3498\/wp-json\/wp\/v2\/comments?post=576"}],"version-history":[{"count":5,"href":"https:\/\/www.ararat.com.uy\/staging\/3498\/wp-json\/wp\/v2\/pages\/576\/revisions"}],"predecessor-version":[{"id":1200,"href":"https:\/\/www.ararat.com.uy\/staging\/3498\/wp-json\/wp\/v2\/pages\/576\/revisions\/1200"}],"wp:featuredmedia":[{"embeddable":true,"href":"https:\/\/www.ararat.com.uy\/staging\/3498\/wp-json\/wp\/v2\/media\/12"}],"wp:attachment":[{"href":"https:\/\/www.ararat.com.uy\/staging\/3498\/wp-json\/wp\/v2\/media?parent=576"}],"curies":[{"name":"wp","href":"https:\/\/api.w.org\/{rel}","templated":true}]}}